 {"id":442,"date":"2024-12-05T11:07:53","date_gmt":"2024-12-05T11:07:53","guid":{"rendered":"https:\/\/cis-inspections.com\/isencao-de-responsabilidade\/"},"modified":"2025-05-01T18:29:19","modified_gmt":"2025-05-01T18:29:19","slug":"isencao-de-responsabilidade","status":"publish","type":"page","link":"https:\/\/cis-inspections.com\/pt-br\/isencao-de-responsabilidade","title":{"rendered":"Aviso Legal"},"content":{"rendered":"<p>O conte\u00fado dispon\u00edvel no site da CIS Commodity Inspection Services \u00e9 fornecido apenas para fins informativos gerais, e a CIS n\u00e3o garante sua exatid\u00e3o ou integridade. Cabe ao usu\u00e1rio avaliar a precis\u00e3o e a completude das informa\u00e7\u00f5es antes de utiliz\u00e1-las de qualquer forma. O uso do conte\u00fado, seja qual for o prop\u00f3sito, \u00e9 de inteira responsabilidade do usu\u00e1rio. Se erros forem identificados, faremos o poss\u00edvel para corrigi-los.<\/p>\n<p>A CIS se isenta de toda e qualquer responsabilidade (inclusive por neglig\u00eancia) relacionada a informa\u00e7\u00f5es de terceiros ou outros materiais disponibilizados no site da CIS ou acessados por meio dele. Ao seguir qualquer link, \u00e9 responsabilidade do usu\u00e1rio verificar se a p\u00e1gina acessada faz parte do site oficial da CIS.<\/p>\n","protected":false},"excerpt":{"rendered":"<p>O conte\u00fado dispon\u00edvel no site da CIS Commodity Inspection Services \u00e9 fornecido apenas para fins informativos gerais, e a CIS n\u00e3o garante sua exatid\u00e3o ou integridade. Cabe ao usu\u00e1rio avaliar a precis\u00e3o e a completude das informa\u00e7\u00f5es antes de utiliz\u00e1-las de qualquer forma. O uso do conte\u00fado, seja qual for o prop\u00f3sito, \u00e9 de inteira [&hellip;]<\/p>\n","protected":false},"author":1,"featured_media":0,"parent":0,"menu_order":0,"comment_status":"closed","ping_status":"closed","template":"","meta":{"nf_dc_page":"","footnotes":""},"class_list":["post-442","page","type-page","status-publish","hentry"],"_links":{"self":[{"href":"https:\/\/cis-inspections.com\/pt-br\/wp-json\/wp\/v2\/pages\/442","targetHints":{"allow":["GET"]}}],"collection":[{"href":"https:\/\/cis-inspections.com\/pt-br\/wp-json\/wp\/v2\/pages"}],"about":[{"href":"https:\/\/cis-inspections.com\/pt-br\/wp-json\/wp\/v2\/types\/page"}],"author":[{"embeddable":true,"href":"https:\/\/cis-inspections.com\/pt-br\/wp-json\/wp\/v2\/users\/1"}],"replies":[{"embeddable":true,"href":"https:\/\/cis-inspections.com\/pt-br\/wp-json\/wp\/v2\/comments?post=442"}],"version-history":[{"count":2,"href":"https:\/\/cis-inspections.com\/pt-br\/wp-json\/wp\/v2\/pages\/442\/revisions"}],"predecessor-version":[{"id":979,"href":"https:\/\/cis-inspections.com\/pt-br\/wp-json\/wp\/v2\/pages\/442\/revisions\/979"}],"wp:attachment":[{"href":"https:\/\/cis-inspections.com\/pt-br\/wp-json\/wp\/v2\/media?parent=442"}],"curies":[{"name":"wp","href":"https:\/\/api.w.org\/{rel}","templated":true}]}}