 {"id":450,"date":"2024-12-04T11:22:18","date_gmt":"2024-12-04T11:22:18","guid":{"rendered":"https:\/\/cis-inspections.com\/declaracao-de-privacidade\/"},"modified":"2025-09-22T04:04:29","modified_gmt":"2025-09-22T04:04:29","slug":"declaracao-de-privacidade","status":"publish","type":"page","link":"https:\/\/cis-inspections.com\/pt-br\/declaracao-de-privacidade","title":{"rendered":"Pol\u00edtica de Privacidade"},"content":{"rendered":"<p>Na CIS Commodity Inspection Services, proteger sua privacidade online \u00e9 um compromisso nosso.<\/p>\n<p>Voc\u00ea pode navegar pelo nosso site de forma totalmente an\u00f4nima, a menos que escolha nos fornecer informa\u00e7\u00f5es pessoais. Quando isso acontece, seus dados s\u00e3o tratados com o mesmo rigor e cuidado que aplicamos em todas as nossas rela\u00e7\u00f5es comerciais.<\/p>\n<p>Se durante sua visita voc\u00ea apenas navegar pelo site (lendo conte\u00fados, visualizando imagens, entre outras a\u00e7\u00f5es), algumas informa\u00e7\u00f5es b\u00e1sicas sobre a navega\u00e7\u00e3o ser\u00e3o coletadas automaticamente. Esses dados, no entanto, n\u00e3o identificam voc\u00ea pessoalmente e n\u00e3o s\u00e3o compartilhados com terceiros fora do grupo CIS.<\/p>\n<h3>Cookies<\/h3>\n<p>Nosso site utiliza cookies e tecnologias semelhantes para melhorar sua experi\u00eancia de navega\u00e7\u00e3o, analisar o tr\u00e1fego do site e entender de onde v\u00eam nossos visitantes. Cookies s\u00e3o pequenos arquivos de texto armazenados em seu dispositivo quando voc\u00ea visita um site.<\/p>\n<p>Utilizamos os seguintes tipos de cookies:<\/p>\n<p>Cookies necess\u00e1rios \u2013 Exigidos para que o site funcione corretamente (por exemplo, seguran\u00e7a, sess\u00f5es de login, prefer\u00eancias de idioma).<\/p>\n<p>Cookies de desempenho \u2013 Ajudam a entender como os visitantes interagem com nosso site, para que possamos melhorar a funcionalidade e a experi\u00eancia do usu\u00e1rio.<\/p>\n<p>Cookies de funcionalidade \u2013 Memorizar suas prefer\u00eancias e personalizar sua experi\u00eancia.<\/p>\n<p>Cookies de publicidade\/direcionamento \u2013 Podem ser usados para exibir an\u00fancios relevantes e medir a efic\u00e1cia de nossas campanhas.<\/p>\n<p>Voc\u00ea pode controlar ou excluir cookies a qualquer momento atrav\u00e9s das configura\u00e7\u00f5es do seu navegador. Observe que a desativa\u00e7\u00e3o de determinados cookies pode afetar a funcionalidade do site.<\/p>\n","protected":false},"excerpt":{"rendered":"<p>Na CIS Commodity Inspection Services, proteger sua privacidade online \u00e9 um compromisso nosso. Voc\u00ea pode navegar pelo nosso site de forma totalmente an\u00f4nima, a menos que escolha nos fornecer informa\u00e7\u00f5es pessoais. Quando isso acontece, seus dados s\u00e3o tratados com o mesmo rigor e cuidado que aplicamos em todas as nossas rela\u00e7\u00f5es comerciais. Se durante sua [&hellip;]<\/p>\n","protected":false},"author":1,"featured_media":0,"parent":0,"menu_order":0,"comment_status":"closed","ping_status":"open","template":"","meta":{"nf_dc_page":"","footnotes":""},"class_list":["post-450","page","type-page","status-publish","hentry"],"_links":{"self":[{"href":"https:\/\/cis-inspections.com\/pt-br\/wp-json\/wp\/v2\/pages\/450","targetHints":{"allow":["GET"]}}],"collection":[{"href":"https:\/\/cis-inspections.com\/pt-br\/wp-json\/wp\/v2\/pages"}],"about":[{"href":"https:\/\/cis-inspections.com\/pt-br\/wp-json\/wp\/v2\/types\/page"}],"author":[{"embeddable":true,"href":"https:\/\/cis-inspections.com\/pt-br\/wp-json\/wp\/v2\/users\/1"}],"replies":[{"embeddable":true,"href":"https:\/\/cis-inspections.com\/pt-br\/wp-json\/wp\/v2\/comments?post=450"}],"version-history":[{"count":3,"href":"https:\/\/cis-inspections.com\/pt-br\/wp-json\/wp\/v2\/pages\/450\/revisions"}],"predecessor-version":[{"id":3138,"href":"https:\/\/cis-inspections.com\/pt-br\/wp-json\/wp\/v2\/pages\/450\/revisions\/3138"}],"wp:attachment":[{"href":"https:\/\/cis-inspections.com\/pt-br\/wp-json\/wp\/v2\/media?parent=450"}],"curies":[{"name":"wp","href":"https:\/\/api.w.org\/{rel}","templated":true}]}}