 {"id":451,"date":"2024-12-05T09:54:08","date_gmt":"2024-12-05T09:54:08","guid":{"rendered":"https:\/\/cis-inspections.com\/rede-global\/"},"modified":"2025-07-24T15:30:24","modified_gmt":"2025-07-24T15:30:24","slug":"rede-global","status":"publish","type":"page","link":"https:\/\/cis-inspections.com\/pt-br\/rede-global","title":{"rendered":"Rede global"},"content":{"rendered":"<p>Utilize nossa rede global para garantir opera\u00e7\u00f5es comerciais fluidas nos principais mercados do mundo. Com escrit\u00f3rios estrategicamente localizados e equipes especializadas nos principais polos comerciais, oferecemos servi\u00e7os de inspe\u00e7\u00e3o, testes e certifica\u00e7\u00e3o com precis\u00e3o, agilidade e confiabilidade, onde quer que voc\u00ea precise.<\/p>\n<p>Com uma coordena\u00e7\u00e3o centralizada 24 horas por dia, 7 dias por semana, e pontos de contato consistentes, asseguramos uma comunica\u00e7\u00e3o eficiente e respostas r\u00e1pidas, mantendo o fluxo cont\u00ednuo das suas commodities em cadeias de suprimento internacionais complexas.<\/p>\n<p>Conhe\u00e7a nossos principais mercados ou entre em contato para mais informa\u00e7\u00f5es. Nossa equipe est\u00e1 pronta para orientar voc\u00ea nas demandas do com\u00e9rcio de commodities agr\u00edcolas.<\/p>\n","protected":false},"excerpt":{"rendered":"<p>Utilize nossa rede global para garantir opera\u00e7\u00f5es comerciais fluidas nos principais mercados do mundo. Com escrit\u00f3rios estrategicamente localizados e equipes especializadas nos principais polos comerciais, oferecemos servi\u00e7os de inspe\u00e7\u00e3o, testes e certifica\u00e7\u00e3o com precis\u00e3o, agilidade e confiabilidade, onde quer que voc\u00ea precise. Com uma coordena\u00e7\u00e3o centralizada 24 horas por dia, 7 dias por semana, e [&hellip;]<\/p>\n","protected":false},"author":1,"featured_media":0,"parent":0,"menu_order":0,"comment_status":"closed","ping_status":"closed","template":"templates\/template_networks.php","meta":{"nf_dc_page":"","footnotes":""},"class_list":["post-451","page","type-page","status-publish","hentry"],"_links":{"self":[{"href":"https:\/\/cis-inspections.com\/pt-br\/wp-json\/wp\/v2\/pages\/451","targetHints":{"allow":["GET"]}}],"collection":[{"href":"https:\/\/cis-inspections.com\/pt-br\/wp-json\/wp\/v2\/pages"}],"about":[{"href":"https:\/\/cis-inspections.com\/pt-br\/wp-json\/wp\/v2\/types\/page"}],"author":[{"embeddable":true,"href":"https:\/\/cis-inspections.com\/pt-br\/wp-json\/wp\/v2\/users\/1"}],"replies":[{"embeddable":true,"href":"https:\/\/cis-inspections.com\/pt-br\/wp-json\/wp\/v2\/comments?post=451"}],"version-history":[{"count":7,"href":"https:\/\/cis-inspections.com\/pt-br\/wp-json\/wp\/v2\/pages\/451\/revisions"}],"predecessor-version":[{"id":1926,"href":"https:\/\/cis-inspections.com\/pt-br\/wp-json\/wp\/v2\/pages\/451\/revisions\/1926"}],"wp:attachment":[{"href":"https:\/\/cis-inspections.com\/pt-br\/wp-json\/wp\/v2\/media?parent=451"}],"curies":[{"name":"wp","href":"https:\/\/api.w.org\/{rel}","templated":true}]}}